{"id":15,"date":"2023-11-03T21:28:14","date_gmt":"2023-11-03T21:28:14","guid":{"rendered":"https:\/\/happy-shirley.144-76-52-52.plesk.page\/?post_type=product&#038;p=15"},"modified":"2023-11-03T21:34:54","modified_gmt":"2023-11-03T21:34:54","slug":"tasse-250ml-blau","status":"publish","type":"product","link":"https:\/\/happy-shirley.144-76-52-52.plesk.page\/?product=tasse-250ml-blau","title":{"rendered":"Tasse 250ml blau"},"content":{"rendered":"<p>Diese wundersch\u00f6ne Tasse in blau fasst 250ml und eignet sich somit hervorragend zum gem\u00fctlichen Kaffeetrinken. Mit ihrer dicken Wand f\u00fchlt sie sich etwas schwerer an als herk\u00f6mmliche Tassen und gibt dir ein angenehmens Gef\u00fchl w\u00e4hrend deiner Genusszeit.<\/p>\n","protected":false},"excerpt":{"rendered":"<p>250ml | blau<\/p>\n","protected":false},"featured_media":16,"comment_status":"open","ping_status":"closed","template":"","meta":[],"product_cat":[17,16],"product_tag":[21,20,19],"class_list":{"0":"post-15","1":"product","2":"type-product","3":"status-publish","4":"has-post-thumbnail","6":"product_cat-espressotasse","7":"product_cat-tassen","8":"product_tag-250ml","9":"product_tag-blau","10":"product_tag-tasse","12":"first","13":"instock","14":"shipping-taxable","15":"purchasable","16":"product-type-simple"},"jetpack_sharing_enabled":true,"_links":{"self":[{"href":"https:\/\/happy-shirley.144-76-52-52.plesk.page\/index.php?rest_route=\/wp\/v2\/product\/15","targetHints":{"allow":["GET"]}}],"collection":[{"href":"https:\/\/happy-shirley.144-76-52-52.plesk.page\/index.php?rest_route=\/wp\/v2\/product"}],"about":[{"href":"https:\/\/happy-shirley.144-76-52-52.plesk.page\/index.php?rest_route=\/wp\/v2\/types\/product"}],"replies":[{"embeddable":true,"href":"https:\/\/happy-shirley.144-76-52-52.plesk.page\/index.php?rest_route=%2Fwp%2Fv2%2Fcomments&post=15"}],"wp:featuredmedia":[{"embeddable":true,"href":"https:\/\/happy-shirley.144-76-52-52.plesk.page\/index.php?rest_route=\/wp\/v2\/media\/16"}],"wp:attachment":[{"href":"https:\/\/happy-shirley.144-76-52-52.plesk.page\/index.php?rest_route=%2Fwp%2Fv2%2Fmedia&parent=15"}],"wp:term":[{"taxonomy":"product_cat","embeddable":true,"href":"https:\/\/happy-shirley.144-76-52-52.plesk.page\/index.php?rest_route=%2Fwp%2Fv2%2Fproduct_cat&post=15"},{"taxonomy":"product_tag","embeddable":true,"href":"https:\/\/happy-shirley.144-76-52-52.plesk.page\/index.php?rest_route=%2Fwp%2Fv2%2Fproduct_tag&post=15"}],"curies":[{"name":"wp","href":"https:\/\/api.w.org\/{rel}","templated":true}]}}